{"id":1200,"date":"2024-01-20T12:32:26","date_gmt":"2024-01-20T11:32:26","guid":{"rendered":"https:\/\/www.hoteleliseoparks.com\/privacy-policy\/"},"modified":"2024-01-24T09:27:24","modified_gmt":"2024-01-24T08:27:24","slug":"privacy-policy","status":"publish","type":"page","link":"https:\/\/www.hoteleliseoparks.com\/en\/privacy-policy\/","title":{"rendered":"Privacy Policy"},"content":{"rendered":"\t\t<div data-elementor-type=\"wp-page\" data-elementor-id=\"1200\" class=\"elementor elementor-1200 elementor-347\">\n\t\t\t\t\t\t<section class=\"elementor-section elementor-top-section elementor-element elementor-element-45358c1d elementor-section-boxed elementor-section-height-default elementor-section-height-default elementor-invisible\" data-id=\"45358c1d\" data-element_type=\"section\" data-settings=\"{&quot;background_background&quot;:&quot;slideshow&quot;,&quot;background_slideshow_gallery&quot;:[{&quot;id&quot;:192,&quot;url&quot;:&quot;https:\\\/\\\/www.hoteleliseoparks.com\\\/wp-content\\\/uploads\\\/2024\\\/01\\\/HOTEL-ELISEO-PARK-home-3.jpg&quot;}],&quot;background_slideshow_ken_burns&quot;:&quot;yes&quot;,&quot;animation&quot;:&quot;fadeIn&quot;,&quot;background_slideshow_loop&quot;:&quot;yes&quot;,&quot;background_slideshow_slide_duration&quot;:5000,&quot;background_slideshow_slide_transition&quot;:&quot;fade&quot;,&quot;background_slideshow_transition_duration&quot;:500,&quot;background_slideshow_ken_burns_zoom_direction&quot;:&quot;in&quot;}\">\n\t\t\t\t\t\t\t<div class=\"elementor-background-overlay\"><\/div>\n\t\t\t\t\t\t\t<div class=\"elementor-container elementor-column-gap-default\">\n\t\t\t\t\t<div class=\"elementor-column elementor-col-100 elementor-top-column elementor-element elementor-element-26266860\" data-id=\"26266860\" data-element_type=\"column\">\n\t\t\t<div class=\"elementor-widget-wrap elementor-element-populated\">\n\t\t\t\t\t\t<div class=\"elementor-element elementor-element-4776a44e elementor-invisible elementor-widget elementor-widget-heading\" data-id=\"4776a44e\" data-element_type=\"widget\" data-settings=\"{&quot;_animation&quot;:&quot;fadeInUp&quot;}\" data-widget_type=\"heading.default\">\n\t\t\t\t<div class=\"elementor-widget-container\">\n\t\t\t<style>\/*! elementor - v3.21.0 - 22-05-2024 *\/\n.elementor-heading-title{padding:0;margin:0;line-height:1}.elementor-widget-heading .elementor-heading-title[class*=elementor-size-]>a{color:inherit;font-size:inherit;line-height:inherit}.elementor-widget-heading .elementor-heading-title.elementor-size-small{font-size:15px}.elementor-widget-heading .elementor-heading-title.elementor-size-medium{font-size:19px}.elementor-widget-heading .elementor-heading-title.elementor-size-large{font-size:29px}.elementor-widget-heading .elementor-heading-title.elementor-size-xl{font-size:39px}.elementor-widget-heading .elementor-heading-title.elementor-size-xxl{font-size:59px}<\/style><h1 class=\"elementor-heading-title elementor-size-default\">Privacy Policy<\/h1>\t\t<\/div>\n\t\t\t\t<\/div>\n\t\t\t\t\t<\/div>\n\t\t<\/div>\n\t\t\t\t\t<\/div>\n\t\t<\/section>\n\t\t\t\t<section class=\"elementor-section elementor-top-section elementor-element elementor-element-da4ab9d elementor-reverse-mobile elementor-section-boxed elementor-section-height-default elementor-section-height-default\" data-id=\"da4ab9d\" data-element_type=\"section\">\n\t\t\t\t\t\t<div class=\"elementor-container elementor-column-gap-default\">\n\t\t\t\t\t<div class=\"elementor-column elementor-col-100 elementor-top-column elementor-element elementor-element-3dadaee\" data-id=\"3dadaee\" data-element_type=\"column\">\n\t\t\t<div class=\"elementor-widget-wrap elementor-element-populated\">\n\t\t\t\t\t\t<div class=\"elementor-element elementor-element-19211acd elementor-invisible elementor-widget elementor-widget-heading\" data-id=\"19211acd\" data-element_type=\"widget\" data-settings=\"{&quot;_animation&quot;:&quot;fadeInUp&quot;}\" data-widget_type=\"heading.default\">\n\t\t\t\t<div class=\"elementor-widget-container\">\n\t\t\t<h2 class=\"elementor-heading-title elementor-size-default\">INFORMATIVA PER IL TRATTAMENTO DEI DATI PERSONALI\n\n<\/h2>\t\t<\/div>\n\t\t\t\t<\/div>\n\t\t\t\t<div class=\"elementor-element elementor-element-1df113b0 elementor-invisible elementor-widget elementor-widget-text-editor\" data-id=\"1df113b0\" data-element_type=\"widget\" data-settings=\"{&quot;_animation&quot;:&quot;fadeInUp&quot;}\" data-widget_type=\"text-editor.default\">\n\t\t\t\t<div class=\"elementor-widget-container\">\n\t\t\t<style>\/*! elementor - v3.21.0 - 22-05-2024 *\/\n.elementor-widget-text-editor.elementor-drop-cap-view-stacked .elementor-drop-cap{background-color:#69727d;color:#fff}.elementor-widget-text-editor.elementor-drop-cap-view-framed .elementor-drop-cap{color:#69727d;border:3px solid;background-color:transparent}.elementor-widget-text-editor:not(.elementor-drop-cap-view-default) .elementor-drop-cap{margin-top:8px}.elementor-widget-text-editor:not(.elementor-drop-cap-view-default) .elementor-drop-cap-letter{width:1em;height:1em}.elementor-widget-text-editor .elementor-drop-cap{float:left;text-align:center;line-height:1;font-size:50px}.elementor-widget-text-editor .elementor-drop-cap-letter{display:inline-block}<\/style>\t\t\t\t<p>Ai sensi dell&#8217;art. 13 del D.L. 196\/2003 ( Codice della Privacy ) e dell&#8217;art. 13 del Regolamento UE 2016\/679 <b>(GDPR)<\/b>, con riferimento ai dati personali che si intendono fare oggetto di trattamento, si forniscono le seguenti informazioni :<\/p>\n<p><b>1) Natura dei dati trattati<\/b><\/p>\n<p>Dati personali, identificativi quali ad esempio nome, cognome, ragione sociale, indirizzo, telefono, indirizzi e-mail, riferimenti fiscali, bancari e di pagamento, di seguito \u201cdati personali\u201d acquisiti direttamente e\/o tramite il sito www.hoteleliseoparkarks.it per il conseguimento di contatti commerciali precontrattuali. I dati trattati saranno pertinenti per le finalit\u00e0 per le quali vengono raccolti.<\/p>\n<p><b>2) Finalit\u00e0 dei trattamenti<\/b><\/p>\n<p>I trattamenti a cui saranno sottoposti i dati personali, hanno le finalit\u00e0 rispondenti all&#8217;espletamento del contratto in corso e saranno trattati previo Suo consenso specifico per le seguenti finalit\u00e0 :<\/p>\n<ul>\n<li>Inviare e-mail, posta e\/o sms e\/o contatti telefonici per consentire una efficace gestione dei rapporti commerciali;<\/li>\n<li>Inviare comunicazioni commerciali e\/o materiale pubblicitario su prodotti o servizi offerti dal Titolare<\/li>\n<\/ul>\n<p><b>3) Natura del conferimento e conseguenze del rifiuto al consenso<\/b><\/p>\n<p>Il conferimento dei dati personali \u00e8 facoltativo ma necessario per costituire i rapporti commerciali richiesti pertanto l&#8217;eventuale rifiuto a fornirli o al successivo trattamento determina l&#8217;impossibilit\u00e0 della scrivente a dar corso ai rapporti medesimi.<\/p>\n<p><b>4) Modalit\u00e0 di trattamento e conservazione<\/b><\/p>\n<p>I dati sono sottoposti a trattamento sia cartaceo che elettronico e\/o automatizzato, nel rispetto delle misure di sicurezza di cui all&#8217;art. 32 del GDPR e all&#8217;allegato B del Codice della Privacy, ad opera di soggetti appositamente incaricati, in ottemperanza a quanto previsto dall&#8217;art. 29 GDPR.<\/p>\n<p>Il Titolare tratter\u00e0 i dati personali, nel rispetto di liceit\u00e0, limitazione delle finalit\u00e0 e minimizzazione dei dati, ai sensi dell&#8217;art. 5 GDPR, per il tempo necessario ad adempiere alle finalit\u00e0 di cui sopra e comunque non oltre 2 anni dall&#8217;acquisizione.<\/p>\n<p><b>5) Comunicazione dei dati a terzi<\/b><\/p>\n<p>I Suoi dati non saranno forniti a terzi.<\/p>\n<p>Potranno venire a conoscenza dei dati oltre al Titolare, il responsabile del trattamento, gli incaricati del trattamento, nonch\u00e9 gli incaricati alla manutenzione degli elaboratori elettronici e del software in dotazione al Titolare<\/p>\n<p><b>6) Diritti dell&#8217;interessato<\/b><\/p>\n<p>In ogni momento l&#8217;interessato potr\u00e0 esercitare i diritti di cui all&#8217;art. 7 Codice Privacy e art. 15 GDPR tra cui :<\/p>\n<ul>\n<li>chiedere la conferma dell&#8217;esistenza dei propri dati personali, informazioni circa la modalit\u00e0 di trattamento, sul Titolare e i responsabili del trattamento, i soggetti a cui possono essere comunicati<\/li>\n<li>ottenere l&#8217;aggiornamento, la cancellazione o il blocco dei dati trattati in violazione di Legge<\/li>\n<li>opporsi in tutto o in parte al trattamento dei dati personali che la riguardano<\/li>\n<\/ul>\n<p><b>7) Modalit\u00e0 di esercizio dei diritti<\/b><\/p>\n<p>L&#8217;interessato potr\u00e0 in qualsiasi momento esercitare i diritti inviando e-mail alla casella dedicata: <a style=\"font-family: var( --e-global-typography-text-font-family ), Sans-serif; font-size: var( --e-global-typography-text-font-size ); font-weight: var( --e-global-typography-text-font-weight ); letter-spacing: var( --e-global-typography-text-letter-spacing );\" href=\"mailto:htleliseoparks@legalmail.it\" target=\"_blank\" rel=\"noopener\">htleliseoparks@legalmail.it<\/a><\/p>\n<p><b>8) Titolare del trattamento<\/b><\/p>\n<p>Titolare del trattamento \u00e8 l&#8217; <b>Hotel Eliseo Park&#8217;s srl<\/b>, con sede legale ed operativa in <b>Sant&#8217;Agnello (Na) alla Via Cocumella n. 3<\/b> nella persona del suo rappresentante legale.<\/p>\n<p>Il nominativo del responsabile del trattamento \u00e8 custodito presso la sede legale del Titolare del trattamento .<\/p>\n<p>Contatto del Titolare : <a style=\"font-family: var( --e-global-typography-text-font-family ), Sans-serif; font-size: var( --e-global-typography-text-font-size ); font-weight: var( --e-global-typography-text-font-weight ); letter-spacing: var( --e-global-typography-text-letter-spacing ); background-color: #eae7e3;\" href=\"mailto:htleliseoparks@legalmail.it\" target=\"_blank\" rel=\"noopener\">htleliseoparks@legalmail.it<\/a><\/p>\n\t\t\t\t\t\t<\/div>\n\t\t\t\t<\/div>\n\t\t\t\t\t<\/div>\n\t\t<\/div>\n\t\t\t\t\t<\/div>\n\t\t<\/section>\n\t\t\t\t<\/div>\n\t\t","protected":false},"excerpt":{"rendered":"<p>Privacy Policy INFORMATIVA PER IL TRATTAMENTO DEI DATI PERSONALI Ai sensi dell&#8217;art. 13 del D.L. 196\/2003 ( Codice della Privacy ) e dell&#8217;art. 13 del Regolamento UE 2016\/679 (GDPR), con riferimento ai dati personali che si intendono fare oggetto di trattamento, si forniscono le seguenti informazioni : 1) Natura dei dati trattati Dati personali, identificativi [&hellip;]<\/p>\n","protected":false},"author":1,"featured_media":0,"parent":0,"menu_order":0,"comment_status":"closed","ping_status":"closed","template":"","meta":{"footnotes":""},"_links":{"self":[{"href":"https:\/\/www.hoteleliseoparks.com\/en\/wp-json\/wp\/v2\/pages\/1200"}],"collection":[{"href":"https:\/\/www.hoteleliseoparks.com\/en\/wp-json\/wp\/v2\/pages"}],"about":[{"href":"https:\/\/www.hoteleliseoparks.com\/en\/wp-json\/wp\/v2\/types\/page"}],"author":[{"embeddable":true,"href":"https:\/\/www.hoteleliseoparks.com\/en\/wp-json\/wp\/v2\/users\/1"}],"replies":[{"embeddable":true,"href":"https:\/\/www.hoteleliseoparks.com\/en\/wp-json\/wp\/v2\/comments?post=1200"}],"version-history":[{"count":1,"href":"https:\/\/www.hoteleliseoparks.com\/en\/wp-json\/wp\/v2\/pages\/1200\/revisions"}],"predecessor-version":[{"id":1201,"href":"https:\/\/www.hoteleliseoparks.com\/en\/wp-json\/wp\/v2\/pages\/1200\/revisions\/1201"}],"wp:attachment":[{"href":"https:\/\/www.hoteleliseoparks.com\/en\/wp-json\/wp\/v2\/media?parent=1200"}],"curies":[{"name":"wp","href":"https:\/\/api.w.org\/{rel}","templated":true}]}}